{"id":121,"date":"2017-10-21T14:07:37","date_gmt":"2017-10-21T14:07:37","guid":{"rendered":"http:\/\/www.laroriket.com\/globalamal\/?page_id=121"},"modified":"2017-10-21T17:53:19","modified_gmt":"2017-10-21T17:53:19","slug":"pysselbok","status":"publish","type":"page","link":"https:\/\/laroriket.com\/globalamal\/pysselbok\/","title":{"rendered":"Pysselbok"},"content":{"rendered":"<p>[vc_row][vc_column][vc_column_text css=&#8221;.vc_custom_1508608401474{margin-right: 20px !important;}&#8221;]<\/p>\n<p style=\"padding-left: 30px;\"><span style=\"font-size: 14pt; color: #20ba18;\">Pysselboken<\/span><\/p>\n<p style=\"text-align: justify; padding-left: 30px;\">Pysselboken inneh\u00e5ller ett pyssel f\u00f6r varje globalt m\u00e5l. De flesta pyssel har direkt eller indirekt koppling till hur Sagoboken och hur m\u00e5len presenteras d\u00e4r. Varje pyssel ryms p\u00e5 en A4 sida och pysselsidorna \u00e4r i svartvitt s\u00e5 att de ska vara l\u00e4tta att skriva ut och kopiera upp till eleverna. En del av pysseluppgifterna g\u00e5r ocks\u00e5 att g\u00f6ra direkt p\u00e5 t ex en dator eller en surfplatta om man hellre vill det. I l\u00e4rarhandledningen finns mer information, tips och id\u00e9er hur du kan anv\u00e4nda pysselboken i klassrummet.<\/p>\n<p style=\"text-align: justify; padding-left: 30px;\">Klicka nedan f\u00f6r att antingen ladda hem pysselboken eller \u00f6ppna den direkt i webbl\u00e4saren!<\/p>\n<p>&nbsp;<\/p>\n<p style=\"text-align: center;\"><span style=\"font-size: 14pt;\"><span style=\"color: #20ba18;\"><strong>&gt;&gt;<\/strong><\/span> <a href=\"https:\/\/drive.google.com\/open?id=0ByrjC_n7kxE6UkpDUE9MRnVmWms\" target=\"_blank\" rel=\"noopener\">Pysselboken<\/a> <span style=\"color: #20ba18;\"><strong>&lt;&lt;<\/strong><\/span><\/span><\/p>\n<p style=\"text-align: center;\"><div class=\"real3dflipbook\" id=\"4_69d097f62154d\" style=\"position:absolute;\" data-flipbook-options=\"{&quot;mode&quot;:&quot;normal&quot;,&quot;viewMode&quot;:&quot;webgl&quot;,&quot;pageTextureSize&quot;:&quot;2048&quot;,&quot;zoomMin&quot;:&quot;0.9&quot;,&quot;zoomStep&quot;:&quot;2&quot;,&quot;singlePageMode&quot;:&quot;false&quot;,&quot;pageFlipDuration&quot;:&quot;1&quot;,&quot;sound&quot;:&quot;true&quot;,&quot;startPage&quot;:&quot;1&quot;,&quot;deeplinking&quot;:{&quot;enabled&quot;:&quot;false&quot;},&quot;responsiveView&quot;:&quot;true&quot;,&quot;responsiveViewTreshold&quot;:&quot;768&quot;,&quot;textLayer&quot;:&quot;false&quot;,&quot;pdfPageScale&quot;:&quot;2&quot;,&quot;height&quot;:&quot;400&quot;,&quot;responsiveHeight&quot;:&quot;true&quot;,&quot;aspectRatio&quot;:&quot;2&quot;,&quot;thumbnailsOnStart&quot;:&quot;true&quot;,&quot;contentOnStart&quot;:&quot;true&quot;,&quot;tableOfContentCloseOnClick&quot;:&quot;true&quot;,&quot;thumbsCloseOnClick&quot;:&quot;true&quot;,&quot;autoplayOnStart&quot;:&quot;false&quot;,&quot;autoplayInterval&quot;:&quot;3000&quot;,&quot;autoplayStartPage&quot;:&quot;1&quot;,&quot;autoplayLoop&quot;:&quot;true&quot;,&quot;rightToLeft&quot;:&quot;false&quot;,&quot;pageWidth&quot;:&quot;&quot;,&quot;pageHeight&quot;:&quot;&quot;,&quot;thumbSize&quot;:&quot;130&quot;,&quot;logoImg&quot;:&quot;&quot;,&quot;logoUrl&quot;:&quot;&quot;,&quot;logoCSS&quot;:&quot;position:absolute;left:0;top:0;&quot;,&quot;menuSelector&quot;:&quot;&quot;,&quot;zIndex&quot;:&quot;auto&quot;,&quot;preloaderText&quot;:&quot;&quot;,&quot;googleAnalyticsTrackingCode&quot;:&quot;&quot;,&quot;pdfBrowserViewerIfIE&quot;:&quot;false&quot;,&quot;viewModeMobile&quot;:&quot;&quot;,&quot;pageTextureSizeMobile&quot;:&quot;&quot;,&quot;aspectRatioMobile&quot;:&quot;&quot;,&quot;singlePageModeIfMobile&quot;:&quot;false&quot;,&quot;pdfBrowserViewerIfMobile&quot;:&quot;false&quot;,&quot;pdfBrowserViewerFullscreen&quot;:&quot;true&quot;,&quot;pdfBrowserViewerFullscreenTarget&quot;:&quot;_blank&quot;,&quot;btnTocIfMobile&quot;:&quot;true&quot;,&quot;btnThumbsIfMobile&quot;:&quot;true&quot;,&quot;btnShareIfMobile&quot;:&quot;false&quot;,&quot;btnDownloadPagesIfMobile&quot;:&quot;true&quot;,&quot;btnDownloadPdfIfMobile&quot;:&quot;true&quot;,&quot;btnSoundIfMobile&quot;:&quot;false&quot;,&quot;btnExpandIfMobile&quot;:&quot;true&quot;,&quot;btnPrintIfMobile&quot;:&quot;false&quot;,&quot;logoHideOnMobile&quot;:&quot;false&quot;,&quot;mobile&quot;:{&quot;thumbnailsOnStart&quot;:&quot;false&quot;,&quot;contentOnStart&quot;:&quot;false&quot;},&quot;lightboxCSS&quot;:&quot;&quot;,&quot;lightboxBackground&quot;:&quot;rgb(81, 85, 88)&quot;,&quot;lightboxContainerCSS&quot;:&quot;display:inline-block;padding:10px;&quot;,&quot;lightboxThumbnailHeight&quot;:&quot;150&quot;,&quot;lightboxThumbnailUrlCSS&quot;:&quot;display:block;&quot;,&quot;lightboxThumbnailInfo&quot;:&quot;false&quot;,&quot;lightboxThumbnailInfoText&quot;:&quot;&quot;,&quot;lightboxThumbnailInfoCSS&quot;:&quot;top: 0;  width: 100%; height: 100%; font-size: 16px; color: #000; background: rgba(255,255,255,.8); &quot;,&quot;lightboxText&quot;:&quot;&quot;,&quot;lightboxTextCSS&quot;:&quot;display:block;&quot;,&quot;lightboxTextPosition&quot;:&quot;top&quot;,&quot;lightBoxOpened&quot;:&quot;false&quot;,&quot;lightBoxFullscreen&quot;:&quot;false&quot;,&quot;lightboxCloseOnClick&quot;:&quot;false&quot;,&quot;lightboxMarginV&quot;:&quot;0&quot;,&quot;lightboxMarginH&quot;:&quot;0&quot;,&quot;lights&quot;:&quot;true&quot;,&quot;lightPositionX&quot;:&quot;0&quot;,&quot;lightPositionY&quot;:&quot;150&quot;,&quot;lightPositionZ&quot;:&quot;1400&quot;,&quot;lightIntensity&quot;:&quot;0.6&quot;,&quot;shadows&quot;:&quot;true&quot;,&quot;shadowMapSize&quot;:&quot;2048&quot;,&quot;shadowOpacity&quot;:&quot;0.2&quot;,&quot;shadowDistance&quot;:&quot;15&quot;,&quot;pageHardness&quot;:&quot;2&quot;,&quot;coverHardness&quot;:&quot;2&quot;,&quot;pageRoughness&quot;:&quot;1&quot;,&quot;pageMetalness&quot;:&quot;0&quot;,&quot;pageSegmentsW&quot;:&quot;10&quot;,&quot;pageSegmentsH&quot;:&quot;1&quot;,&quot;pageMiddleShadowSize&quot;:&quot;2&quot;,&quot;pageMiddleShadowColorL&quot;:&quot;#999999&quot;,&quot;pageMiddleShadowColorR&quot;:&quot;#777777&quot;,&quot;antialias&quot;:&quot;false&quot;,&quot;pan&quot;:&quot;0&quot;,&quot;tilt&quot;:&quot;0&quot;,&quot;rotateCameraOnMouseDrag&quot;:&quot;true&quot;,&quot;panMax&quot;:&quot;20&quot;,&quot;panMin&quot;:&quot;-20&quot;,&quot;tiltMax&quot;:&quot;0&quot;,&quot;tiltMin&quot;:&quot;-60&quot;,&quot;currentPage&quot;:{&quot;enabled&quot;:&quot;true&quot;,&quot;title&quot;:&quot;Current page&quot;},&quot;btnAutoplay&quot;:{&quot;enabled&quot;:&quot;true&quot;,&quot;title&quot;:&quot;Autoplay&quot;,&quot;icon&quot;:&quot;fa-play&quot;},&quot;btnNext&quot;:{&quot;enabled&quot;:&quot;true&quot;,&quot;title&quot;:&quot;Next Page&quot;,&quot;icon&quot;:&quot;fa-chevron-right&quot;},&quot;btnLast&quot;:{&quot;enabled&quot;:&quot;false&quot;,&quot;title&quot;:&quot;First Page&quot;,&quot;icon&quot;:&quot;fa-step-forward&quot;},&quot;btnPrev&quot;:{&quot;enabled&quot;:&quot;true&quot;,&quot;title&quot;:&quot;Next Page&quot;,&quot;icon&quot;:&quot;fa-chevron-left&quot;},&quot;btnFirst&quot;:{&quot;enabled&quot;:&quot;false&quot;,&quot;title&quot;:&quot;First Page&quot;,&quot;icon&quot;:&quot;fa-step-backward&quot;},&quot;btnZoomIn&quot;:{&quot;enabled&quot;:&quot;true&quot;,&quot;title&quot;:&quot;Zoom in&quot;,&quot;icon&quot;:&quot;fa-plus&quot;},&quot;btnZoomOut&quot;:{&quot;enabled&quot;:&quot;true&quot;,&quot;title&quot;:&quot;Zoom out&quot;,&quot;icon&quot;:&quot;fa-minus&quot;},&quot;btnToc&quot;:{&quot;enabled&quot;:&quot;true&quot;,&quot;title&quot;:&quot;Table of content&quot;,&quot;icon&quot;:&quot;fa-list-ol&quot;},&quot;btnThumbs&quot;:{&quot;enabled&quot;:&quot;true&quot;,&quot;title&quot;:&quot;Pages&quot;,&quot;icon&quot;:&quot;fa-th-large&quot;},&quot;btnShare&quot;:{&quot;enabled&quot;:&quot;false&quot;,&quot;title&quot;:&quot;Share&quot;,&quot;icon&quot;:&quot;fa-share-alt&quot;},&quot;btnDownloadPages&quot;:{&quot;enabled&quot;:&quot;false&quot;,&quot;title&quot;:&quot;Download pages&quot;,&quot;icon&quot;:&quot;fa-download&quot;},&quot;btnDownloadPdf&quot;:{&quot;enabled&quot;:&quot;false&quot;,&quot;title&quot;:&quot;Download pdf&quot;,&quot;icon&quot;:&quot;fa-file&quot;,&quot;forceDownload&quot;:&quot;false&quot;,&quot;openInNewWindow&quot;:&quot;false&quot;},&quot;btnSound&quot;:{&quot;enabled&quot;:&quot;true&quot;,&quot;title&quot;:&quot;Sound&quot;,&quot;icon&quot;:&quot;fa-volume-up&quot;},&quot;btnExpand&quot;:{&quot;enabled&quot;:&quot;true&quot;,&quot;title&quot;:&quot;Toggle fullscreen&quot;,&quot;icon&quot;:&quot;fa-expand&quot;,&quot;iconAlt&quot;:&quot;fa-compress&quot;},&quot;btnSelect&quot;:{&quot;enabled&quot;:&quot;true&quot;,&quot;icon&quot;:&quot;fas fa-i-cursor&quot;,&quot;icon2&quot;:&quot;text_format&quot;,&quot;title&quot;:&quot;Select tool&quot;},&quot;btnSearch&quot;:{&quot;enabled&quot;:&quot;false&quot;,&quot;icon&quot;:&quot;fas fa-search&quot;,&quot;icon2&quot;:&quot;search&quot;,&quot;title&quot;:&quot;Search&quot;},&quot;btnBookmark&quot;:{&quot;enabled&quot;:&quot;false&quot;,&quot;icon&quot;:&quot;fas fa-bookmark&quot;,&quot;icon2&quot;:&quot;bookmark&quot;,&quot;title&quot;:&quot;Bookmark&quot;},&quot;btnPrint&quot;:{&quot;enabled&quot;:&quot;false&quot;,&quot;title&quot;:&quot;Print&quot;,&quot;icon&quot;:&quot;fa-print&quot;},&quot;btnClose&quot;:{&quot;enabled&quot;:&quot;true&quot;},&quot;google_plus&quot;:{&quot;enabled&quot;:&quot;false&quot;},&quot;twitter&quot;:{&quot;enabled&quot;:&quot;false&quot;},&quot;facebook&quot;:{&quot;enabled&quot;:&quot;false&quot;},&quot;pinterest&quot;:{&quot;enabled&quot;:&quot;false&quot;},&quot;email&quot;:{&quot;enabled&quot;:&quot;false&quot;},&quot;theme&quot;:&quot;default&quot;,&quot;skin&quot;:&quot;light&quot;,&quot;useFontAwesome5&quot;:&quot;true&quot;,&quot;sideNavigationButtons&quot;:&quot;true&quot;,&quot;backgroundColor&quot;:&quot;#818181&quot;,&quot;backgroundPattern&quot;:&quot;&quot;,&quot;backgroundTransparent&quot;:&quot;false&quot;,&quot;menuBackground&quot;:&quot;&quot;,&quot;menuShadow&quot;:&quot;0 0 6px rgba(0,0,0,0.16), 0 0 6px rgba(0,0,0,0.23)&quot;,&quot;menuMargin&quot;:&quot;0&quot;,&quot;menuPadding&quot;:&quot;0&quot;,&quot;menuOverBook&quot;:&quot;false&quot;,&quot;menuFloating&quot;:&quot;false&quot;,&quot;menuTransparent&quot;:&quot;false&quot;,&quot;menu2Background&quot;:&quot;&quot;,&quot;menu2Shadow&quot;:&quot;&quot;,&quot;menu2Margin&quot;:&quot;0&quot;,&quot;menu2Padding&quot;:&quot;0&quot;,&quot;menu2OverBook&quot;:&quot;true&quot;,&quot;menu2Floating&quot;:&quot;false&quot;,&quot;menu2Transparent&quot;:&quot;true&quot;,&quot;skinColor&quot;:&quot;&quot;,&quot;skinBackground&quot;:&quot;&quot;,&quot;hideMenu&quot;:&quot;false&quot;,&quot;menuAlignHorizontal&quot;:&quot;center&quot;,&quot;btnColor&quot;:&quot;&quot;,&quot;btnBackground&quot;:&quot;none&quot;,&quot;btnRadius&quot;:&quot;0&quot;,&quot;btnMargin&quot;:&quot;0&quot;,&quot;btnSize&quot;:&quot;12&quot;,&quot;btnPaddingV&quot;:&quot;10&quot;,&quot;btnPaddingH&quot;:&quot;10&quot;,&quot;btnShadow&quot;:&quot;&quot;,&quot;btnTextShadow&quot;:&quot;&quot;,&quot;btnBorder&quot;:&quot;&quot;,&quot;sideBtnColor&quot;:&quot;#000&quot;,&quot;sideBtnBackground&quot;:&quot;rgba(255,255,255,.2)&quot;,&quot;sideBtnRadius&quot;:&quot;0&quot;,&quot;sideBtnMargin&quot;:&quot;0&quot;,&quot;sideBtnSize&quot;:&quot;40&quot;,&quot;sideBtnPaddingV&quot;:&quot;5&quot;,&quot;sideBtnPaddingH&quot;:&quot;5&quot;,&quot;sideBtnShadow&quot;:&quot;&quot;,&quot;sideBtnTextShadow&quot;:&quot;&quot;,&quot;sideBtnBorder&quot;:&quot;&quot;,&quot;closeBtnColor&quot;:&quot;#FFF&quot;,&quot;closeBtnBackground&quot;:&quot;rgba(0,0,0,.4)&quot;,&quot;closeBtnRadius&quot;:&quot;0&quot;,&quot;closeBtnMargin&quot;:&quot;0&quot;,&quot;closeBtnSize&quot;:&quot;20&quot;,&quot;closeBtnPadding&quot;:&quot;5&quot;,&quot;closeBtnTextShadow&quot;:&quot;&quot;,&quot;closeBtnBorder&quot;:&quot;&quot;,&quot;currentPageMarginV&quot;:&quot;5&quot;,&quot;currentPageMarginH&quot;:&quot;5&quot;,&quot;arrowsAlwaysEnabledForNavigation&quot;:&quot;false&quot;,&quot;strings&quot;:{&quot;print&quot;:&quot;Print&quot;,&quot;printLeftPage&quot;:&quot;Print left page&quot;,&quot;printRightPage&quot;:&quot;Print right page&quot;,&quot;printCurrentPage&quot;:&quot;Print current page&quot;,&quot;printAllPages&quot;:&quot;Print all pages&quot;,&quot;download&quot;:&quot;Download&quot;,&quot;downloadLeftPage&quot;:&quot;Download left page&quot;,&quot;downloadRightPage&quot;:&quot;Download right page&quot;,&quot;downloadCurrentPage&quot;:&quot;Download current page&quot;,&quot;downloadAllPages&quot;:&quot;Download all pages&quot;,&quot;bookmarks&quot;:&quot;Bookmarks&quot;,&quot;bookmarkLeftPage&quot;:&quot;Bookmark left page&quot;,&quot;bookmarkRightPage&quot;:&quot;Bookmark right page&quot;,&quot;bookmarkCurrentPage&quot;:&quot;Bookmark current page&quot;,&quot;search&quot;:&quot;Search&quot;,&quot;findInDocument&quot;:&quot;Find in document&quot;,&quot;pagesFoundContaining&quot;:&quot;pages found containing&quot;,&quot;thumbnails&quot;:&quot;Thumbnails&quot;,&quot;tableOfContent&quot;:&quot;Table of Contents&quot;,&quot;share&quot;:&quot;Share&quot;,&quot;pressEscToClose&quot;:&quot;Press ESC to close&quot;},&quot;action&quot;:&quot;r3d_save&quot;,&quot;name&quot;:&quot;Uppdrag jorden - pyssel f\\u00f6r varje m\\u00e5l&quot;,&quot;type&quot;:&quot;pdf&quot;,&quot;pages&quot;:[{&quot;title&quot;:&quot;0001&quot;,&quot;src&quot;:&quot;https:\\\/\\\/laroriket.com\\\/globalamal\\\/wp-content\\\/uploads\\\/2021\\\/02\\\/0001-1.jpg&quot;,&quot;thumb&quot;:&quot;https:\\\/\\\/laroriket.com\\\/globalamal\\\/wp-content\\\/uploads\\\/2021\\\/02\\\/0001-1-300x212.jpg&quot;},{&quot;title&quot;:&quot;0002&quot;,&quot;src&quot;:&quot;https:\\\/\\\/laroriket.com\\\/globalamal\\\/wp-content\\\/uploads\\\/2021\\\/02\\\/0002-1.jpg&quot;,&quot;thumb&quot;:&quot;https:\\\/\\\/laroriket.com\\\/globalamal\\\/wp-content\\\/uploads\\\/2021\\\/02\\\/0002-1-300x212.jpg&quot;},{&quot;title&quot;:&quot;0003&quot;,&quot;src&quot;:&quot;https:\\\/\\\/laroriket.com\\\/globalamal\\\/wp-content\\\/uploads\\\/2021\\\/02\\\/0003-1.jpg&quot;,&quot;thumb&quot;:&quot;https:\\\/\\\/laroriket.com\\\/globalamal\\\/wp-content\\\/uploads\\\/2021\\\/02\\\/0003-1-300x212.jpg&quot;},{&quot;title&quot;:&quot;0004&quot;,&quot;src&quot;:&quot;https:\\\/\\\/laroriket.com\\\/globalamal\\\/wp-content\\\/uploads\\\/2021\\\/02\\\/0004-1.jpg&quot;,&quot;thumb&quot;:&quot;https:\\\/\\\/laroriket.com\\\/globalamal\\\/wp-content\\\/uploads\\\/2021\\\/02\\\/0004-1-300x212.jpg&quot;},{&quot;title&quot;:&quot;0005&quot;,&quot;src&quot;:&quot;https:\\\/\\\/laroriket.com\\\/globalamal\\\/wp-content\\\/uploads\\\/2021\\\/02\\\/0005-1.jpg&quot;,&quot;thumb&quot;:&quot;https:\\\/\\\/laroriket.com\\\/globalamal\\\/wp-content\\\/uploads\\\/2021\\\/02\\\/0005-1-300x212.jpg&quot;},{&quot;title&quot;:&quot;0006&quot;,&quot;src&quot;:&quot;https:\\\/\\\/laroriket.com\\\/globalamal\\\/wp-content\\\/uploads\\\/2021\\\/02\\\/0006-1.jpg&quot;,&quot;thumb&quot;:&quot;https:\\\/\\\/laroriket.com\\\/globalamal\\\/wp-content\\\/uploads\\\/2021\\\/02\\\/0006-1-300x212.jpg&quot;},{&quot;title&quot;:&quot;0007&quot;,&quot;src&quot;:&quot;https:\\\/\\\/laroriket.com\\\/globalamal\\\/wp-content\\\/uploads\\\/2021\\\/02\\\/0007-1.jpg&quot;,&quot;thumb&quot;:&quot;https:\\\/\\\/laroriket.com\\\/globalamal\\\/wp-content\\\/uploads\\\/2021\\\/02\\\/0007-1-300x212.jpg&quot;},{&quot;title&quot;:&quot;0008&quot;,&quot;src&quot;:&quot;https:\\\/\\\/laroriket.com\\\/globalamal\\\/wp-content\\\/uploads\\\/2021\\\/02\\\/0008-1.jpg&quot;,&quot;thumb&quot;:&quot;https:\\\/\\\/laroriket.com\\\/globalamal\\\/wp-content\\\/uploads\\\/2021\\\/02\\\/0008-1-300x212.jpg&quot;},{&quot;title&quot;:&quot;0009&quot;,&quot;src&quot;:&quot;https:\\\/\\\/laroriket.com\\\/globalamal\\\/wp-content\\\/uploads\\\/2021\\\/02\\\/0009-1.jpg&quot;,&quot;thumb&quot;:&quot;https:\\\/\\\/laroriket.com\\\/globalamal\\\/wp-content\\\/uploads\\\/2021\\\/02\\\/0009-1-300x212.jpg&quot;},{&quot;title&quot;:&quot;0010&quot;,&quot;src&quot;:&quot;https:\\\/\\\/laroriket.com\\\/globalamal\\\/wp-content\\\/uploads\\\/2021\\\/02\\\/0010-1.jpg&quot;,&quot;thumb&quot;:&quot;https:\\\/\\\/laroriket.com\\\/globalamal\\\/wp-content\\\/uploads\\\/2021\\\/02\\\/0010-1-300x212.jpg&quot;},{&quot;title&quot;:&quot;0011&quot;,&quot;src&quot;:&quot;https:\\\/\\\/laroriket.com\\\/globalamal\\\/wp-content\\\/uploads\\\/2021\\\/02\\\/0011-1.jpg&quot;,&quot;thumb&quot;:&quot;https:\\\/\\\/laroriket.com\\\/globalamal\\\/wp-content\\\/uploads\\\/2021\\\/02\\\/0011-1-300x212.jpg&quot;},{&quot;title&quot;:&quot;0012&quot;,&quot;src&quot;:&quot;https:\\\/\\\/laroriket.com\\\/globalamal\\\/wp-content\\\/uploads\\\/2021\\\/02\\\/0012-1.jpg&quot;,&quot;thumb&quot;:&quot;https:\\\/\\\/laroriket.com\\\/globalamal\\\/wp-content\\\/uploads\\\/2021\\\/02\\\/0012-1-300x212.jpg&quot;},{&quot;title&quot;:&quot;0013&quot;,&quot;src&quot;:&quot;https:\\\/\\\/laroriket.com\\\/globalamal\\\/wp-content\\\/uploads\\\/2021\\\/02\\\/0013-1.jpg&quot;,&quot;thumb&quot;:&quot;https:\\\/\\\/laroriket.com\\\/globalamal\\\/wp-content\\\/uploads\\\/2021\\\/02\\\/0013-1-300x212.jpg&quot;},{&quot;title&quot;:&quot;0014&quot;,&quot;src&quot;:&quot;https:\\\/\\\/laroriket.com\\\/globalamal\\\/wp-content\\\/uploads\\\/2021\\\/02\\\/0014-1.jpg&quot;,&quot;thumb&quot;:&quot;https:\\\/\\\/laroriket.com\\\/globalamal\\\/wp-content\\\/uploads\\\/2021\\\/02\\\/0014-1-300x212.jpg&quot;},{&quot;title&quot;:&quot;0015&quot;,&quot;src&quot;:&quot;https:\\\/\\\/laroriket.com\\\/globalamal\\\/wp-content\\\/uploads\\\/2021\\\/02\\\/0015-1.jpg&quot;,&quot;thumb&quot;:&quot;https:\\\/\\\/laroriket.com\\\/globalamal\\\/wp-content\\\/uploads\\\/2021\\\/02\\\/0015-1-300x212.jpg&quot;},{&quot;title&quot;:&quot;0016&quot;,&quot;src&quot;:&quot;https:\\\/\\\/laroriket.com\\\/globalamal\\\/wp-content\\\/uploads\\\/2021\\\/02\\\/0016-1.jpg&quot;,&quot;thumb&quot;:&quot;https:\\\/\\\/laroriket.com\\\/globalamal\\\/wp-content\\\/uploads\\\/2021\\\/02\\\/0016-1-300x212.jpg&quot;},{&quot;title&quot;:&quot;0017&quot;,&quot;src&quot;:&quot;https:\\\/\\\/laroriket.com\\\/globalamal\\\/wp-content\\\/uploads\\\/2021\\\/02\\\/0017-1.jpg&quot;,&quot;thumb&quot;:&quot;https:\\\/\\\/laroriket.com\\\/globalamal\\\/wp-content\\\/uploads\\\/2021\\\/02\\\/0017-1-300x212.jpg&quot;}],&quot;lightboxThumbnailUrl&quot;:&quot;https:\\\/\\\/laroriket.com\\\/globalamal\\\/wp-content\\\/uploads\\\/2021\\\/02\\\/0003-1-300x212.jpg&quot;,&quot;bookId&quot;:&quot;4&quot;,&quot;security&quot;:&quot;e011f0f79c&quot;,&quot;id&quot;:&quot;4&quot;,&quot;date&quot;:&quot;2017-10-21 17:44:48&quot;,&quot;tableOfContent&quot;:[],&quot;rootFolder&quot;:&quot;https:\\\/\\\/laroriket.com\\\/globalamal\\\/wp-content\\\/plugins\\\/real3d-flipbook\\\/&quot;,&quot;uniqueId&quot;:&quot;4_69d097f62154d&quot;}\"><\/div>\n<p>[\/vc_column_text][\/vc_column][\/vc_row]<\/p>\n","protected":false},"excerpt":{"rendered":"<p>[vc_row][vc_column][vc_column_text css=&#8221;.vc_custom_1508608401474{margin-right: 20px !important;}&#8221;] Pysselboken Pysselboken inneh\u00e5ller ett pyssel f\u00f6r varje globalt m\u00e5l. De flesta pyssel har direkt eller indirekt koppling till hur Sagoboken och hur m\u00e5len presenteras d\u00e4r. Varje pyssel ryms p\u00e5 en A4 sida och pysselsidorna \u00e4r i svartvitt s\u00e5 att de ska vara l\u00e4tta att skriva ut och kopiera upp till eleverna. [&hellip;]<\/p>\n","protected":false},"author":1,"featured_media":0,"parent":0,"menu_order":0,"comment_status":"closed","ping_status":"open","template":"","meta":{"_mi_skip_tracking":false,"_monsterinsights_sitenote_active":false,"_monsterinsights_sitenote_note":"","_monsterinsights_sitenote_category":0},"jetpack_shortlink":"https:\/\/wp.me\/P9qcfI-1X","_links":{"self":[{"href":"https:\/\/laroriket.com\/globalamal\/wp-json\/wp\/v2\/pages\/121"}],"collection":[{"href":"https:\/\/laroriket.com\/globalamal\/wp-json\/wp\/v2\/pages"}],"about":[{"href":"https:\/\/laroriket.com\/globalamal\/wp-json\/wp\/v2\/types\/page"}],"author":[{"embeddable":true,"href":"https:\/\/laroriket.com\/globalamal\/wp-json\/wp\/v2\/users\/1"}],"replies":[{"embeddable":true,"href":"https:\/\/laroriket.com\/globalamal\/wp-json\/wp\/v2\/comments?post=121"}],"version-history":[{"count":0,"href":"https:\/\/laroriket.com\/globalamal\/wp-json\/wp\/v2\/pages\/121\/revisions"}],"wp:attachment":[{"href":"https:\/\/laroriket.com\/globalamal\/wp-json\/wp\/v2\/media?parent=121"}],"curies":[{"name":"wp","href":"https:\/\/api.w.org\/{rel}","templated":true}]}}