{"id":30,"date":"2017-10-21T10:06:16","date_gmt":"2017-10-21T10:06:16","guid":{"rendered":"http:\/\/www.laroriket.com\/globalamal\/?page_id=30"},"modified":"2018-11-25T21:14:15","modified_gmt":"2018-11-25T20:14:15","slug":"hem","status":"publish","type":"page","link":"https:\/\/laroriket.com\/globalamal\/","title":{"rendered":"Om Uppdrag jorden"},"content":{"rendered":"<p>[vc_row css_animation=&#8221;lightSpeedIn&#8221;][vc_column css=&#8221;.vc_custom_1508600742499{margin-bottom: 0px !important;}&#8221;][vc_column_text css=&#8221;.vc_custom_1524070406597{margin-right: 20px !important;}&#8221;]<\/p>\n<p style=\"text-align: justify; padding-left: 30px;\"><span style=\"font-size: 14pt; color: #20ba18;\">Uppdrag jorden \u00e4r ett l\u00e4romedel f\u00f6r 7-12 \u00e5ringar om FNs globala m\u00e5l<\/span><\/p>\n<p style=\"padding-left: 30px;\">Uppdrag jorden \u00e4r ett kostnadsfritt l\u00e4romedel som utvecklats av L\u00e4roriket och finansierats av Sida. L\u00e4romedlet inneh\u00e5ller en sagobok, en pysselbok och en l\u00e4rarhandledning. I l\u00e4rarhandledningen finns tips och id\u00e9er p\u00e5 hur l\u00e4romedlet kan anv\u00e4ndas i skolan. I sagoboken och pysselboken finns fakta, ber\u00e4ttelser, teckningar och pyssel om vart och ett av FNs 17 globala m\u00e5l.<\/p>\n<p style=\"padding-left: 30px;\">F\u00f6r dig som hellre har en tryckt version av l\u00e4romedlet finns boken \u00e4ven att k\u00f6pa i v\u00e5r <a href=\"https:\/\/www.sagoriket.se\/butik\" target=\"_blank\" rel=\"noopener\">webbshop<\/a>.<\/p>\n<p style=\"padding-left: 30px;\">Vi hoppas att Uppdrag jorden ska bjuda er p\u00e5 ett fantasifullt och l\u00e4rorikt \u00e4ventyr om FNs globala m\u00e5l!<\/p>\n<p>[\/vc_column_text][\/vc_column][\/vc_row][vc_row css=&#8221;.vc_custom_1508602912208{margin-top: 0px !important;margin-right: 10px !important;margin-bottom: 0px !important;margin-left: 10px !important;}&#8221;][vc_column width=&#8221;1\/4&#8243;][vc_column_text css_animation=&#8221;bounceInLeft&#8221;]<\/p>\n<p style=\"text-align: center;\"><span style=\"font-size: 14pt;\"><a href=\"http:\/\/www.laroriket.com\/globalamal\/sagobok\"><span style=\"color: #42348c;\">Sagoboken<\/span><\/a><\/span><\/p>\n<p>[\/vc_column_text][\/vc_column][vc_column width=&#8221;1\/4&#8243;][vc_column_text css_animation=&#8221;bounceInDown&#8221;]<\/p>\n<p style=\"text-align: center;\"><span style=\"font-size: 14pt;\"><a href=\"http:\/\/www.laroriket.com\/globalamal\/pysselbok\"><span style=\"color: #42348c;\">Pysselboken<\/span><\/a><\/span><\/p>\n<p>[\/vc_column_text][\/vc_column][vc_column width=&#8221;1\/4&#8243;][vc_column_text css_animation=&#8221;bounceInRight&#8221;]<\/p>\n<p style=\"text-align: center;\"><span style=\"font-size: 14pt;\"><a href=\"http:\/\/www.laroriket.com\/globalamal\/lararhandledning\"><span style=\"color: #42348c;\">L\u00e4rarhandledningen<\/span><\/a><\/span><\/p>\n<p>[\/vc_column_text][\/vc_column][vc_column width=&#8221;1\/4&#8243;][vc_column_text css_animation=&#8221;bounceInRight&#8221;]<\/p>\n<p style=\"text-align: center;\"><span style=\"font-size: 14pt;\"><a href=\"http:\/\/www.laroriket.com\/globalamal\/Klassrumsaffischer\"><span style=\"color: #42348c;\">Klassrumsaffischer<\/span><\/a><\/span><\/p>\n<p>[\/vc_column_text][\/vc_column][\/vc_row][vc_row content_placement=&#8221;middle&#8221; css_animation=&#8221;none&#8221; css=&#8221;.vc_custom_1508603176740{margin-top: 0px !important;margin-right: 10px !important;margin-left: 10px !important;border-radius: 25px !important;}&#8221;][vc_column css_animation=&#8221;bounceInRight&#8221; width=&#8221;1\/4&#8243; css=&#8221;.vc_custom_1511905973402{margin-top: 10px !important;margin-right: 10px !important;margin-bottom: 0px !important;margin-left: 10px !important;border-top-width: 5px !important;border-right-width: 5px !important;border-bottom-width: 5px !important;border-left-width: 5px !important;padding-top: 10px !important;padding-right: 10px !important;padding-bottom: 10px !important;padding-left: 10px !important;background: #ffffff url(http:\/\/www.laroriket.com\/globalamal\/wp-content\/uploads\/2017\/10\/Uppdrag_jorden.png?id=169) !important;background-position: center !important;background-repeat: no-repeat !important;background-size: cover !important;border-left-color: #42348c !important;border-left-style: solid !important;border-right-color: #42348c !important;border-right-style: solid !important;border-top-color: #42348c !important;border-top-style: solid !important;border-bottom-color: #42348c !important;border-bottom-style: solid !important;border-radius: 35px !important;}&#8221;][vc_column_text css_animation=&#8221;bounceInRight&#8221; css=&#8221;.vc_custom_1543176730768{margin-top: 0px !important;margin-right: 0px !important;margin-bottom: 0px !important;margin-left: 0px !important;border-top-width: 0px !important;border-right-width: 0px !important;border-bottom-width: 0px !important;border-left-width: 0px !important;padding-top: 0px !important;padding-right: 0px !important;padding-bottom: 0px !important;padding-left: 0px !important;background-position: 0 0 !important;background-repeat: no-repeat !important;}&#8221;]<a href=\"http:\/\/www.laroriket.com\/globalamal\/sagobok\"><img decoding=\"async\" loading=\"lazy\" class=\"alignnone size-full wp-image-170 aligncenter\" src=\"http:\/\/www.laroriket.com\/globalamal\/wp-content\/uploads\/2017\/11\/ule_225.png\" alt=\"\" width=\"276\" height=\"390\" \/><\/a>[\/vc_column_text][\/vc_column][vc_column css_animation=&#8221;bounceInUp&#8221; width=&#8221;1\/4&#8243; css=&#8221;.vc_custom_1511905988176{margin-top: 10px !important;margin-right: 10px !important;margin-bottom: 10px !important;margin-left: 10px !important;border-top-width: 5px !important;border-right-width: 5px !important;border-bottom-width: 5px !important;border-left-width: 5px !important;padding-top: 10px !important;padding-right: 10px !important;padding-bottom: 10px !important;padding-left: 10px !important;background: #ffffff url(http:\/\/www.laroriket.com\/globalamal\/wp-content\/uploads\/2017\/10\/pyssel-1.png?id=180) !important;background-position: center !important;background-repeat: no-repeat !important;background-size: cover !important;border-left-color: #232323 !important;border-left-style: solid !important;border-right-color: #232323 !important;border-right-style: solid !important;border-top-color: #232323 !important;border-top-style: solid !important;border-bottom-color: #232323 !important;border-bottom-style: solid !important;border-radius: 35px !important;}&#8221;][vc_column_text css_animation=&#8221;bounceInUp&#8221; css=&#8221;.vc_custom_1543176743125{margin-top: 0px !important;margin-right: 0px !important;margin-bottom: 0px !important;margin-left: 0px !important;border-top-width: 0px !important;border-right-width: 0px !important;border-bottom-width: 0px !important;border-left-width: 0px !important;padding-top: 0px !important;padding-right: 0px !important;padding-bottom: 0px !important;padding-left: 0px !important;}&#8221;]<a href=\"http:\/\/www.laroriket.com\/globalamal\/pysselbok\"><img decoding=\"async\" loading=\"lazy\" class=\"size-full wp-image-170 aligncenter\" src=\"http:\/\/www.laroriket.com\/globalamal\/wp-content\/uploads\/2017\/11\/ule_225.png\" alt=\"\" width=\"276\" height=\"390\" \/><\/a>[\/vc_column_text][\/vc_column][vc_column css_animation=&#8221;bounceInDown&#8221; width=&#8221;1\/4&#8243; css=&#8221;.vc_custom_1511906161533{margin-top: 10px !important;margin-right: 10px !important;margin-bottom: 10px !important;margin-left: 10px !important;border-top-width: 5px !important;border-right-width: 5px !important;border-bottom-width: 5px !important;border-left-width: 5px !important;padding-top: 10px !important;padding-right: 10px !important;padding-bottom: 10px !important;padding-left: 10px !important;background: #ffffff url(http:\/\/www.laroriket.com\/globalamal\/wp-content\/uploads\/2017\/10\/lar.png?id=175) !important;background-position: center !important;background-repeat: no-repeat !important;background-size: cover !important;border-left-color: #42348c !important;border-left-style: solid !important;border-right-color: #42348c !important;border-right-style: solid !important;border-top-color: #42348c !important;border-top-style: solid !important;border-bottom-color: #42348c !important;border-bottom-style: solid !important;border-radius: 35px !important;}&#8221;][vc_column_text css_animation=&#8221;bounceInLeft&#8221; css=&#8221;.vc_custom_1543176754631{margin-top: 0px !important;margin-right: 0px !important;margin-bottom: 0px !important;margin-left: 0px !important;border-top-width: 0px !important;border-right-width: 0px !important;border-bottom-width: 0px !important;border-left-width: 0px !important;padding-top: 0px !important;padding-right: 0px !important;padding-bottom: 0px !important;padding-left: 0px !important;}&#8221;]<a href=\"http:\/\/www.laroriket.com\/globalamal\/lararhandledning\"><img decoding=\"async\" loading=\"lazy\" class=\"alignnone size-full wp-image-170 aligncenter\" src=\"http:\/\/www.laroriket.com\/globalamal\/wp-content\/uploads\/2017\/11\/ule_225.png\" alt=\"\" width=\"276\" height=\"390\" \/><\/a>[\/vc_column_text][\/vc_column][vc_column css_animation=&#8221;bounceInLeft&#8221; width=&#8221;1\/4&#8243; css=&#8221;.vc_custom_1511906115480{margin-top: 10px !important;margin-right: 10px !important;margin-bottom: 10px !important;margin-left: 10px !important;border-top-width: 5px !important;border-right-width: 5px !important;border-bottom-width: 5px !important;border-left-width: 5px !important;padding-top: 10px !important;padding-right: 10px !important;padding-bottom: 10px !important;padding-left: 10px !important;background: #ffffff url(http:\/\/www.laroriket.com\/globalamal\/wp-content\/uploads\/2017\/11\/Klassrumsaffischer.png?id=435) !important;background-position: center !important;background-repeat: no-repeat !important;background-size: cover !important;border-left-color: #42348c !important;border-left-style: solid !important;border-right-color: #42348c !important;border-right-style: solid !important;border-top-color: #42348c !important;border-top-style: solid !important;border-bottom-color: #42348c !important;border-bottom-style: solid !important;border-radius: 35px !important;}&#8221;][vc_column_text css_animation=&#8221;bounceInDown&#8221; css=&#8221;.vc_custom_1543176763623{margin-top: 0px !important;margin-right: 0px !important;margin-bottom: 0px !important;margin-left: 0px !important;border-top-width: 0px !important;border-right-width: 0px !important;border-bottom-width: 0px !important;border-left-width: 0px !important;padding-top: 0px !important;padding-right: 0px !important;padding-bottom: 0px !important;padding-left: 0px !important;}&#8221;]<a href=\"http:\/\/www.laroriket.com\/globalamal\/Klassrumsaffischer\"><img decoding=\"async\" loading=\"lazy\" class=\"alignnone size-full wp-image-170 aligncenter\" src=\"http:\/\/www.laroriket.com\/globalamal\/wp-content\/uploads\/2017\/11\/ule_225.png\" alt=\"\" width=\"276\" height=\"390\" \/><\/a>[\/vc_column_text][\/vc_column][\/vc_row]<\/p>\n","protected":false},"excerpt":{"rendered":"<p>[vc_row css_animation=&#8221;lightSpeedIn&#8221;][vc_column css=&#8221;.vc_custom_1508600742499{margin-bottom: 0px !important;}&#8221;][vc_column_text css=&#8221;.vc_custom_1524070406597{margin-right: 20px !important;}&#8221;] Uppdrag jorden \u00e4r ett l\u00e4romedel f\u00f6r 7-12 \u00e5ringar om FNs globala m\u00e5l Uppdrag jorden \u00e4r ett kostnadsfritt l\u00e4romedel som utvecklats av L\u00e4roriket och finansierats av Sida. L\u00e4romedlet inneh\u00e5ller en sagobok, en pysselbok och en l\u00e4rarhandledning. I l\u00e4rarhandledningen finns tips och id\u00e9er p\u00e5 hur l\u00e4romedlet kan anv\u00e4ndas i [&hellip;]<\/p>\n","protected":false},"author":1,"featured_media":0,"parent":0,"menu_order":0,"comment_status":"closed","ping_status":"open","template":"","meta":{"_mi_skip_tracking":false,"_monsterinsights_sitenote_active":false,"_monsterinsights_sitenote_note":"","_monsterinsights_sitenote_category":0},"jetpack_shortlink":"https:\/\/wp.me\/P9qcfI-u","_links":{"self":[{"href":"https:\/\/laroriket.com\/globalamal\/wp-json\/wp\/v2\/pages\/30"}],"collection":[{"href":"https:\/\/laroriket.com\/globalamal\/wp-json\/wp\/v2\/pages"}],"about":[{"href":"https:\/\/laroriket.com\/globalamal\/wp-json\/wp\/v2\/types\/page"}],"author":[{"embeddable":true,"href":"https:\/\/laroriket.com\/globalamal\/wp-json\/wp\/v2\/users\/1"}],"replies":[{"embeddable":true,"href":"https:\/\/laroriket.com\/globalamal\/wp-json\/wp\/v2\/comments?post=30"}],"version-history":[{"count":0,"href":"https:\/\/laroriket.com\/globalamal\/wp-json\/wp\/v2\/pages\/30\/revisions"}],"wp:attachment":[{"href":"https:\/\/laroriket.com\/globalamal\/wp-json\/wp\/v2\/media?parent=30"}],"curies":[{"name":"wp","href":"https:\/\/api.w.org\/{rel}","templated":true}]}}